{"id":2655,"date":"2018-12-13T03:42:25","date_gmt":"2018-12-13T03:42:25","guid":{"rendered":"https:\/\/nedpolcenter.com\/about-us\/"},"modified":"2026-03-28T09:39:19","modified_gmt":"2026-03-28T09:39:19","slug":"about-us","status":"publish","type":"page","link":"https:\/\/nedpolcenter.com\/en\/about-us\/","title":{"rendered":"About Us"},"content":{"rendered":"<div class=\"wpb-content-wrapper\"><p>[vc_row full_width=&#8221;stretch_row_content&#8221; css=&#8221;.vc_custom_1773401032517{padding-top: 100px !important;}&#8221;][vc_column width=&#8221;1\/6&#8243; el_class=&#8221;vc_col-md-push-6&#8243;][\/vc_column][vc_column width=&#8221;4\/6&#8243; css=&#8221;.vc_custom_1773770950546{padding-bottom: 35px !important;}&#8221;][vc_row_inner][vc_column_inner width=&#8221;1\/3&#8243;]\n<!-- Section Head\n============================================= -->\n<div class=\"row\">\n  <div class=\"col-lg-12\">\n    <div class=\"section-title second-home-title center-title\">\n      <span class=\"wow none\">Experience and Professionalism in Accounting<\/span>\n      <h2 class=\"wow none\">About Me<\/h2>\n      <p class=\"wow none\">My name is Magdalena Gronowska and I have been working in the accounting industry in the Kingdom of the Netherlands since 2008. I have been running my accounting office continuously since 2010, supporting individual clients and entrepreneurs in tax and administrative matters. I completed my Master&#039;s degree at the University of \u0141\u00f3d\u017a (Law and Administration, specializing in Tax Law) and RB Academy in The Hague, obtaining the title of tax advisor. In my work, I combine theoretical knowledge with many years of practice, offering reliable, secure, and compliant accounting support in the Netherlands.<\/p>\n    <\/div>\n  <\/div>\n<\/div>\n\n<!-- End Of Rounding Section Head\n============================================= -->\n\n[\/vc_column_inner][vc_column_inner width=&#8221;1\/3&#8243;][vc_empty_space height=&#8221;80px&#8221;][vc_column_text css=&#8221;.vc_custom_1772393908140{margin-top: -38px !important;}&#8221;]<\/p>\n<ul>\n<li>Specialization in Dutch Tax Law<\/li>\n<li>Comprehensive Services for Businesses and Individuals<\/li>\n<li>Years of Experience in the Dutch Market<\/li>\n<li>We are an officially recognized training office in the Netherlands, enabling students to complete professional internships.<\/li>\n<\/ul>\n<p>[\/vc_column_text][vc_single_image image=&#8221;2664&#8243; img_size=&#8221;full&#8221; alignment=&#8221;center&#8221; css=&#8221;&#8221;][\/vc_column_inner][vc_column_inner width=&#8221;1\/3&#8243;][vc_single_image image=&#8221;2665&#8243; img_size=&#8221;full&#8221; alignment=&#8221;right&#8221; css=&#8221;&#8221; el_class=&#8221;services-img&#8221;][\/vc_column_inner][\/vc_row_inner][\/vc_column][vc_column width=&#8221;1\/6&#8243;][\/vc_column][\/vc_row][vc_row css=&#8221;.vc_custom_1773401277427{padding-top: 50px !important;}&#8221;][vc_column offset=&#8221;vc_col-lg-6 vc_col-md-6&#8243;][vc_single_image image=&#8221;2661&#8243; img_size=&#8221;full&#8221; css=&#8221;.vc_custom_1772185624345{margin-bottom: 30px !important;}&#8221; el_class=&#8221;about-thumb&#8221;][\/vc_column][vc_column el_class=&#8221;about-text-box&#8221; offset=&#8221;vc_col-lg-6 vc_col-md-6&#8243;][vc_column_text css=&#8221;.vc_custom_1772054757070{padding-top: 40px !important;padding-right: 45px !important;padding-bottom: 40px !important;padding-left: 45px !important;background-color: #556df4 !important;}&#8221;]<\/p>\n<p style=\"color: #ffffff;\">WHY US<\/p>\n<h3 style=\"color: #ffffff;\">Reliability and Timeliness<\/h3>\n<p style=\"color: #ffffff;\">We provide reliable and timely bookkeeping in accordance with Dutch regulations.<br \/>\nWe treat each client individually, offering support tailored to their needs.[\/vc_column_text][\/vc_column][\/vc_row][vc_row el_class=&#8221;revers-loop&#8221;][vc_column el_class=&#8221;vc_col-md-push-6&#8243; offset=&#8221;vc_col-lg-6 vc_col-md-6&#8243;][vc_single_image image=&#8221;2662&#8243; img_size=&#8221;full&#8221; css=&#8221;.vc_custom_1772185710716{margin-bottom: 30px !important;}&#8221; el_class=&#8221;about-thumb&#8221;][\/vc_column][vc_column el_class=&#8221;about-text-box vc_col-md-pull-6&#8243; offset=&#8221;vc_col-lg-6 vc_col-md-6&#8243;][vc_column_text css=&#8221;.vc_custom_1772054552031{margin-bottom: 30px !important;padding-top: 40px !important;padding-right: 45px !important;padding-bottom: 40px !important;padding-left: 45px !important;background-color: #25263d !important;}&#8221;]<\/p>\n<p style=\"color: #ffffff;\">PROFESSIONAL TOOLS<\/p>\n<h3 style=\"color: #ffffff;\">Modern Accounting Systems<\/h3>\n<p style=\"color: #ffffff;\">We work with proven software: Visma eAccounting, Davilex, and Nextens.<br \/>\nWe collaborate with BCS BV and HKB Administratie en Advice BV, ensuring full administrative support.[\/vc_column_text][\/vc_column][\/vc_row][vc_row css=&#8221;.vc_custom_1544677171019{padding-bottom: 65px !important;}&#8221;][vc_column offset=&#8221;vc_col-lg-6 vc_col-md-6&#8243;][vc_single_image image=&#8221;2668&#8243; img_size=&#8221;full&#8221; css=&#8221;.vc_custom_1773488293726{margin-bottom: 30px !important;}&#8221; el_class=&#8221;about-thumb&#8221;][\/vc_column][vc_column el_class=&#8221;about-text-box about-text-box3&#8243; offset=&#8221;vc_col-lg-6 vc_col-md-6&#8243;][vc_column_text css=&#8221;.vc_custom_1772054456220{padding-top: 40px !important;padding-right: 45px !important;padding-bottom: 40px !important;padding-left: 45px !important;background-color: #556df4 !important;}&#8221;]<\/p>\n<p style=\"color: #ffffff;\" data-pm-slice=\"0 0 []\">OUR COMPANY<\/p>\n<h3 style=\"color: #ffffff;\">Comprehensive Bookkeeping<\/h3>\n<p style=\"color: #ffffff;\">Since 2010, we have been supporting businesses and individuals with bookkeeping and administrative matters.<br \/>\nWe combine experience and knowledge of tax law, ensuring secure and professional service.[\/vc_column_text][\/vc_column][\/vc_row]<\/p>\n<\/div>","protected":false},"excerpt":{"rendered":"<p>[vc_row full_width=&#8221;stretch_row_content&#8221; css=&#8221;.vc_custom_1773401032517{padding-top: 100px !important;}&#8221;][vc_column width=&#8221;1\/6&#8243; el_class=&#8221;vc_col-md-push-6&#8243;][\/vc_column][vc_column width=&#8221;4\/6&#8243; css=&#8221;.vc_custom_1773770950546{padding-bottom: 35px !important;}&#8221;][vc_row_inner][vc_column_inner width=&#8221;1\/3&#8243;][\/vc_column_inner][vc_column_inner width=&#8221;1\/3&#8243;][vc_empty_space height=&#8221;80px&#8221;][vc_column_text css=&#8221;.vc_custom_1772393908140{margin-top: -38px !important;}&#8221;] Specialization in Dutch Tax Law Comprehensive Services for Businesses and Individuals Years of Experience in the Dutch Market We are an officially recognized training office in the Netherlands, enabling students to complete professional internships. [\/vc_column_text][vc_single_image image=&#8221;2664&#8243; img_size=&#8221;full&#8221; alignment=&#8221;center&#8221; [&hellip;]<\/p>\n","protected":false},"author":1,"featured_media":0,"parent":0,"menu_order":0,"comment_status":"closed","ping_status":"closed","template":"page-template\/blank-page-sidebar.php","meta":{"footnotes":""},"class_list":["post-2655","page","type-page","status-publish","hentry"],"aioseo_notices":[],"_links":{"self":[{"href":"https:\/\/nedpolcenter.com\/en\/wp-json\/wp\/v2\/pages\/2655","targetHints":{"allow":["GET"]}}],"collection":[{"href":"https:\/\/nedpolcenter.com\/en\/wp-json\/wp\/v2\/pages"}],"about":[{"href":"https:\/\/nedpolcenter.com\/en\/wp-json\/wp\/v2\/types\/page"}],"author":[{"embeddable":true,"href":"https:\/\/nedpolcenter.com\/en\/wp-json\/wp\/v2\/users\/1"}],"replies":[{"embeddable":true,"href":"https:\/\/nedpolcenter.com\/en\/wp-json\/wp\/v2\/comments?post=2655"}],"version-history":[{"count":10,"href":"https:\/\/nedpolcenter.com\/en\/wp-json\/wp\/v2\/pages\/2655\/revisions"}],"predecessor-version":[{"id":2792,"href":"https:\/\/nedpolcenter.com\/en\/wp-json\/wp\/v2\/pages\/2655\/revisions\/2792"}],"wp:attachment":[{"href":"https:\/\/nedpolcenter.com\/en\/wp-json\/wp\/v2\/media?parent=2655"}],"curies":[{"name":"wp","href":"https:\/\/api.w.org\/{rel}","templated":true}]}}