{"id":2671,"date":"2018-12-13T03:42:25","date_gmt":"2018-12-13T03:42:25","guid":{"rendered":"https:\/\/nedpolcenter.com\/over-ons\/"},"modified":"2026-03-28T09:39:29","modified_gmt":"2026-03-28T09:39:29","slug":"over-ons","status":"publish","type":"page","link":"https:\/\/nedpolcenter.com\/nl\/over-ons\/","title":{"rendered":"Over ons"},"content":{"rendered":"<div class=\"wpb-content-wrapper\"><p>[vc_row full_width=&#8221;stretch_row_content&#8221; css=&#8221;.vc_custom_1773401032517{padding-top: 100px !important;}&#8221;][vc_column width=&#8221;1\/6&#8243; el_class=&#8221;vc_col-md-push-6&#8243;][\/vc_column][vc_column width=&#8221;4\/6&#8243; css=&#8221;.vc_custom_1773770950546{padding-bottom: 35px !important;}&#8221;][vc_row_inner][vc_column_inner width=&#8221;1\/3&#8243;]\n<!-- Section Head\n============================================= -->\n<div class=\"row\">\n  <div class=\"col-lg-12\">\n    <div class=\"section-title second-home-title center-title\">\n      <span class=\"wow none\">Ervaring en professionaliteit in de boekhouding<\/span>\n      <h2 class=\"wow none\">Over mij<\/h2>\n      <p class=\"wow none\">Mijn naam is Magdalena Gronowska en sinds 2008 ben ik werkzaam in de boekhoudsector in het Koninkrijk der Nederlanden. Sinds 2010 run ik ononderbroken een administratiekantoor en ondersteun ik particuliere klanten en ondernemers bij fiscale en administratieve aangelegenheden. Ik heb een masteropleiding afgerond aan de Universiteit van \u0141\u00f3d\u017a (rechten en bestuur, specialisatie belastingrecht) en aan de RB Academy in Den Haag, waar ik de titel van belastingadviseur heb behaald. In mijn werk combineer ik theoretische kennis met jarenlange praktijkervaring en bied ik betrouwbare, veilige en wettelijk conforme boekhoudkundige ondersteuning in Nederland.<\/p>\n    <\/div>\n  <\/div>\n<\/div>\n\n<!-- End Of Rounding Section Head\n============================================= -->\n\n[\/vc_column_inner][vc_column_inner width=&#8221;1\/3&#8243;][vc_empty_space height=&#8221;80px&#8221;][vc_column_text css=&#8221;.vc_custom_1772393908140{margin-top: -38px !important;}&#8221;]<\/p>\n<ul>\n<li>Specialisatie in Nederlands belastingrecht<\/li>\n<li>Uitgebreide dienstverlening voor bedrijven en particulieren<\/li>\n<li>Jarenlange ervaring op de Nederlandse markt<\/li>\n<li>Wij zijn een officieel erkend opleidingsbureau in Nederland, dat studenten de mogelijkheid biedt om beroepsstages te lopen.<\/li>\n<\/ul>\n<p>[\/vc_column_text][vc_single_image image=&#8221;2680&#8243; img_size=&#8221;full&#8221; alignment=&#8221;center&#8221; css=&#8221;&#8221;][\/vc_column_inner][vc_column_inner width=&#8221;1\/3&#8243;][vc_single_image image=&#8221;2643&#8243; img_size=&#8221;full&#8221; alignment=&#8221;right&#8221; css=&#8221;&#8221; el_class=&#8221;services-img&#8221;][\/vc_column_inner][\/vc_row_inner][\/vc_column][vc_column width=&#8221;1\/6&#8243;][\/vc_column][\/vc_row][vc_row css=&#8221;.vc_custom_1773401277427{padding-top: 50px !important;}&#8221;][vc_column offset=&#8221;vc_col-lg-6 vc_col-md-6&#8243;][vc_single_image image=&#8221;2677&#8243; img_size=&#8221;full&#8221; css=&#8221;.vc_custom_1772185624345{margin-bottom: 30px !important;}&#8221; el_class=&#8221;about-thumb&#8221;][\/vc_column][vc_column el_class=&#8221;about-text-box&#8221; offset=&#8221;vc_col-lg-6 vc_col-md-6&#8243;][vc_column_text css=&#8221;.vc_custom_1772054757070{padding-top: 40px !important;padding-right: 45px !important;padding-bottom: 40px !important;padding-left: 45px !important;background-color: #556df4 !important;}&#8221;]<\/p>\n<p style=\"color: #ffffff;\">WAAROM WIJ<\/p>\n<h3 style=\"color: #ffffff;\">Betrouwbaarheid en punctualiteit<\/h3>\n<p style=\"color: #ffffff;\">Wij zorgen voor een betrouwbare en tijdige boekhouding conform de Nederlandse regelgeving.<br \/>\nElke klant behandelen wij individueel en bieden ondersteuning die is afgestemd op zijn behoeften.[\/vc_column_text][\/vc_column][\/vc_row][vc_row el_class=&#8221;revers-loop&#8221;][vc_column el_class=&#8221;vc_col-md-push-6&#8243; offset=&#8221;vc_col-lg-6 vc_col-md-6&#8243;][vc_single_image image=&#8221;2678&#8243; img_size=&#8221;full&#8221; css=&#8221;.vc_custom_1772185710716{margin-bottom: 30px !important;}&#8221; el_class=&#8221;about-thumb&#8221;][\/vc_column][vc_column el_class=&#8221;about-text-box vc_col-md-pull-6&#8243; offset=&#8221;vc_col-lg-6 vc_col-md-6&#8243;][vc_column_text css=&#8221;.vc_custom_1772054552031{margin-bottom: 30px !important;padding-top: 40px !important;padding-right: 45px !important;padding-bottom: 40px !important;padding-left: 45px !important;background-color: #25263d !important;}&#8221;]<\/p>\n<p style=\"color: #ffffff;\">PROFESSIONELE TOOLS<\/p>\n<h3 style=\"color: #ffffff;\">Moderne boekhoudsystemen<\/h3>\n<p style=\"color: #ffffff;\">Wij werken met bewezen software: Visma eAccounting, Davilex en Nextens.<br \/>\nWij werken samen met BCS BV en HKB Administratie en Advies BV, waardoor wij een volledige administratieve ondersteuning kunnen bieden.[\/vc_column_text][\/vc_column][\/vc_row][vc_row css=&#8221;.vc_custom_1544677171019{padding-bottom: 65px !important;}&#8221;][vc_column offset=&#8221;vc_col-lg-6 vc_col-md-6&#8243;][vc_single_image image=&#8221;2683&#8243; img_size=&#8221;full&#8221; css=&#8221;.vc_custom_1773488293726{margin-bottom: 30px !important;}&#8221; el_class=&#8221;about-thumb&#8221;][\/vc_column][vc_column el_class=&#8221;about-text-box about-text-box3&#8243; offset=&#8221;vc_col-lg-6 vc_col-md-6&#8243;][vc_column_text css=&#8221;.vc_custom_1772054456220{padding-top: 40px !important;padding-right: 45px !important;padding-bottom: 40px !important;padding-left: 45px !important;background-color: #556df4 !important;}&#8221;]<\/p>\n<p style=\"color: #ffffff;\" data-pm-slice=\"0 0 []\">ONS BEDRIJF<\/p>\n<h3 style=\"color: #ffffff;\">Uitgebreide boekhouding<\/h3>\n<p style=\"color: #ffffff;\">Sinds 2010 ondersteunen wij bedrijven en particulieren op het gebied van boekhouding en administratieve zaken.<br \/>\nWij combineren ervaring en kennis van het belastingrecht, waardoor wij een veilige en professionele dienstverlening garanderen.[\/vc_column_text][\/vc_column][\/vc_row]<\/p>\n<\/div>","protected":false},"excerpt":{"rendered":"<p>[vc_row full_width=&#8221;stretch_row_content&#8221; css=&#8221;.vc_custom_1773401032517{padding-top: 100px !important;}&#8221;][vc_column width=&#8221;1\/6&#8243; el_class=&#8221;vc_col-md-push-6&#8243;][\/vc_column][vc_column width=&#8221;4\/6&#8243; css=&#8221;.vc_custom_1773770950546{padding-bottom: 35px !important;}&#8221;][vc_row_inner][vc_column_inner width=&#8221;1\/3&#8243;][\/vc_column_inner][vc_column_inner width=&#8221;1\/3&#8243;][vc_empty_space height=&#8221;80px&#8221;][vc_column_text css=&#8221;.vc_custom_1772393908140{margin-top: -38px !important;}&#8221;] Specialisatie in Nederlands belastingrecht Uitgebreide dienstverlening voor bedrijven en particulieren Jarenlange ervaring op de Nederlandse markt Wij zijn een officieel erkend opleidingsbureau in Nederland, dat studenten de mogelijkheid biedt om beroepsstages te lopen. [\/vc_column_text][vc_single_image image=&#8221;2680&#8243; img_size=&#8221;full&#8221; alignment=&#8221;center&#8221; css=&#8221;&#8221;][\/vc_column_inner][vc_column_inner [&hellip;]<\/p>\n","protected":false},"author":1,"featured_media":0,"parent":0,"menu_order":0,"comment_status":"closed","ping_status":"closed","template":"page-template\/blank-page-sidebar.php","meta":{"footnotes":""},"class_list":["post-2671","page","type-page","status-publish","hentry"],"aioseo_notices":[],"_links":{"self":[{"href":"https:\/\/nedpolcenter.com\/nl\/wp-json\/wp\/v2\/pages\/2671","targetHints":{"allow":["GET"]}}],"collection":[{"href":"https:\/\/nedpolcenter.com\/nl\/wp-json\/wp\/v2\/pages"}],"about":[{"href":"https:\/\/nedpolcenter.com\/nl\/wp-json\/wp\/v2\/types\/page"}],"author":[{"embeddable":true,"href":"https:\/\/nedpolcenter.com\/nl\/wp-json\/wp\/v2\/users\/1"}],"replies":[{"embeddable":true,"href":"https:\/\/nedpolcenter.com\/nl\/wp-json\/wp\/v2\/comments?post=2671"}],"version-history":[{"count":5,"href":"https:\/\/nedpolcenter.com\/nl\/wp-json\/wp\/v2\/pages\/2671\/revisions"}],"predecessor-version":[{"id":2799,"href":"https:\/\/nedpolcenter.com\/nl\/wp-json\/wp\/v2\/pages\/2671\/revisions\/2799"}],"wp:attachment":[{"href":"https:\/\/nedpolcenter.com\/nl\/wp-json\/wp\/v2\/media?parent=2671"}],"curies":[{"name":"wp","href":"https:\/\/api.w.org\/{rel}","templated":true}]}}